{"id":485,"date":"2013-09-29T10:27:46","date_gmt":"2013-09-29T10:27:46","guid":{"rendered":"\/?page_id=485"},"modified":"2017-04-16T13:25:14","modified_gmt":"2017-04-16T13:25:14","slug":"organicbb","status":"publish","type":"page","link":"https:\/\/www.m.webdev.is\/en\/visitus\/organicbb\/","title":{"rendered":"M\u00f3\u00f0ir J\u00f6r\u00f0 Organic B&#038;B"},"content":{"rendered":"","protected":false},"excerpt":{"rendered":"","protected":false},"author":2,"featured_media":0,"parent":194,"menu_order":0,"comment_status":"closed","ping_status":"open","template":"template-about-usOLD.php","meta":[],"_links":{"self":[{"href":"https:\/\/www.m.webdev.is\/en\/wp-json\/wp\/v2\/pages\/485\/"}],"collection":[{"href":"https:\/\/www.m.webdev.is\/en\/wp-json\/wp\/v2\/pages\/"}],"about":[{"href":"https:\/\/www.m.webdev.is\/en\/wp-json\/wp\/v2\/types\/page\/"}],"author":[{"embeddable":true,"href":"https:\/\/www.m.webdev.is\/en\/wp-json\/wp\/v2\/users\/2\/"}],"replies":[{"embeddable":true,"href":"https:\/\/www.m.webdev.is\/en\/wp-json\/wp\/v2\/comments\/?post=485"}],"version-history":[{"count":14,"href":"https:\/\/www.m.webdev.is\/en\/wp-json\/wp\/v2\/pages\/485\/revisions\/"}],"predecessor-version":[{"id":1681,"href":"https:\/\/www.m.webdev.is\/en\/wp-json\/wp\/v2\/pages\/485\/revisions\/1681\/"}],"up":[{"embeddable":true,"href":"https:\/\/www.m.webdev.is\/en\/wp-json\/wp\/v2\/pages\/194\/"}],"wp:attachment":[{"href":"https:\/\/www.m.webdev.is\/en\/wp-json\/wp\/v2\/media\/?parent=485"}],"curies":[{"name":"wp","href":"https:\/\/api.w.org\/{rel}","templated":true}]}}